{"id":97107,"date":"2025-03-11T11:40:00","date_gmt":"2025-03-11T11:40:00","guid":{"rendered":"https:\/\/www.temsilder.org.tr\/?page_id=97107"},"modified":"2025-04-03T12:49:14","modified_gmt":"2025-04-03T12:49:14","slug":"tanitim-kitapcigi","status":"publish","type":"page","link":"https:\/\/www.temsilder.org.tr\/en\/yayinlar\/tanitim-kitapcigi\/","title":{"rendered":"Tan\u0131t\u0131m Kitap\u00e7\u0131\u011f\u0131"},"content":{"rendered":"<div data-elementor-type=\"wp-page\" data-elementor-id=\"97107\" class=\"elementor elementor-97107\" data-elementor-post-type=\"page\">\n\t\t\t\t\t\t<section class=\"default no-position elementor-section elementor-top-section elementor-element elementor-element-b4cfb7b elementor-section-boxed elementor-section-height-default elementor-section-height-default\" data-id=\"b4cfb7b\" data-element_type=\"section\">\n\t\t\t\t\t\t<div class=\"elementor-container elementor-column-gap-default\">\n\t\t\t\t\t<div class=\"elementor-column elementor-col-50 elementor-top-column elementor-element elementor-element-708bdb2\" data-id=\"708bdb2\" data-element_type=\"column\">\n\t\t\t<div class=\"elementor-widget-wrap elementor-element-populated\">\n\t\t\t\t\t\t<div class=\"elementor-element elementor-element-3f958df elementor-widget elementor-widget-image\" data-id=\"3f958df\" data-element_type=\"widget\" data-widget_type=\"image.default\">\n\t\t\t\t<div class=\"elementor-widget-container\">\n\t\t\t\t\t\t\t\t\t\t\t\t\t\t\t<img fetchpriority=\"high\" decoding=\"async\" width=\"640\" height=\"829\" src=\"https:\/\/www.temsilder.org.tr\/wp-content\/uploads\/2023\/04\/tanitimkitapcik.png\" class=\"attachment-large size-large wp-image-94980\" alt=\"\" srcset=\"https:\/\/www.temsilder.org.tr\/wp-content\/uploads\/2023\/04\/tanitimkitapcik.png 772w, https:\/\/www.temsilder.org.tr\/wp-content\/uploads\/2023\/04\/tanitimkitapcik-232x300.png 232w, https:\/\/www.temsilder.org.tr\/wp-content\/uploads\/2023\/04\/tanitimkitapcik-768x995.png 768w\" sizes=\"(max-width: 640px) 100vw, 640px\" \/>\t\t\t\t\t\t\t\t\t\t\t\t\t\t\t<\/div>\n\t\t\t\t<\/div>\n\t\t\t\t<div class=\"elementor-element elementor-element-259218d elementor-widget elementor-widget-html\" data-id=\"259218d\" data-element_type=\"widget\" data-widget_type=\"html.default\">\n\t\t\t\t<div class=\"elementor-widget-container\">\n\t\t\t\t\t<!DOCTYPE html>\n<html lang=\"tr\">\n<head>\n    <meta charset=\"UTF-8\">\n    <meta name=\"viewport\" content=\"width=device-width, initial-scale=1.0\">\n    <title>PDF \u0130ndir<\/title>\n    <style>\n        \/* Body'yi de\u011fi\u015ftirme! *\/\n        .download-container {\n            display: flex;\n            justify-content: center;\n            align-items: center;\n            height: auto; \/* Sayfan\u0131n y\u00fcksekli\u011fini k\u0131s\u0131tlama *\/\n            margin-top: 20px; \/* Header ile bo\u015fluk b\u0131rak *\/\n            text-align: center;\n        }\n\n        .download-button {\n            display: inline-flex;\n            align-items: center;\n            justify-content: center;\n            background-color: #33586C;\n            color: #fff;\n            font-size: 18px;\n            font-weight: bold;\n            text-decoration: none;\n            padding: 12px 20px;\n            border-radius: 5px;\n            transition: background 0.3s ease-in-out;\n            border: none;\n            cursor: pointer;\n        }\n\n        .download-button:hover {\n            background-color: #2a4753;\n        }\n\n        .download-button svg {\n            width: 18px;\n            height: 18px;\n            margin-left: 8px;\n            fill: #fff;\n        }\n    <\/style>\n<\/head>\n<body>\n\n<!-- PDF \u0130ndirme Butonu (Header gitmeyecek \u015fekilde d\u00fczeltilmi\u015f) -->\n<div class=\"download-container\">\n    <a href=\"https:\/\/www.temsilder.org.tr\/wp-content\/uploads\/2025\/03\/TEMSIL-DER-Tanitim-Kitapcigi.pdf\" class=\"download-button\" target=\"_blank\" rel=\"noopener\">\n        Oku \/ \u0130ndir\n        <svg xmlns=\"http:\/\/www.w3.org\/2000\/svg\" viewbox=\"0 0 24 24\"><path d=\"M11 3h2v10h3l-4 4-4-4h3V3zM4 20h16v2H4v-2z\"\/><\/svg>\n    <\/a>\n<\/div>\n\n<\/body>\n<\/html>\n\n\n\n\n\t\t\t\t<\/div>\n\t\t\t\t<\/div>\n\t\t\t\t<div class=\"elementor-element elementor-element-e9f47be elementor-widget-divider--view-line elementor-widget elementor-widget-divider\" data-id=\"e9f47be\" data-element_type=\"widget\" data-widget_type=\"divider.default\">\n\t\t\t\t<div class=\"elementor-widget-container\">\n\t\t\t\t\t\t\t<div class=\"elementor-divider\">\n\t\t\t<span class=\"elementor-divider-separator\">\n\t\t\t\t\t\t<\/span>\n\t\t<\/div>\n\t\t\t\t\t\t<\/div>\n\t\t\t\t<\/div>\n\t\t\t\t<div class=\"elementor-element elementor-element-bccc4ee elementor-shape-circle elementor-widget__width-auto elementor-grid-0 e-grid-align-center elementor-widget elementor-widget-social-icons\" data-id=\"bccc4ee\" data-element_type=\"widget\" data-widget_type=\"social-icons.default\">\n\t\t\t\t<div class=\"elementor-widget-container\">\n\t\t\t\t\t\t\t<div class=\"elementor-social-icons-wrapper elementor-grid\">\n\t\t\t\t\t\t\t<span class=\"elementor-grid-item\">\n\t\t\t\t\t<a class=\"elementor-icon elementor-social-icon elementor-social-icon-whatsapp elementor-animation-shrink elementor-repeater-item-5de4bde\" href=\"https:\/\/wa.me\/905305069782\" target=\"_blank\">\n\t\t\t\t\t\t<span class=\"elementor-screen-only\">Whatsapp<\/span>\n\t\t\t\t\t\t<i class=\"fab fa-whatsapp\"><\/i>\t\t\t\t\t<\/a>\n\t\t\t\t<\/span>\n\t\t\t\t\t\t\t<span class=\"elementor-grid-item\">\n\t\t\t\t\t<a class=\"elementor-icon elementor-social-icon elementor-social-icon-youtube elementor-animation-shrink elementor-repeater-item-ddc5112\" href=\"https:\/\/www.youtube.com\/@temsilder\" target=\"_blank\">\n\t\t\t\t\t\t<span class=\"elementor-screen-only\">Youtube<\/span>\n\t\t\t\t\t\t<i class=\"fab fa-youtube\"><\/i>\t\t\t\t\t<\/a>\n\t\t\t\t<\/span>\n\t\t\t\t\t\t\t<span class=\"elementor-grid-item\">\n\t\t\t\t\t<a class=\"elementor-icon elementor-social-icon elementor-social-icon-instagram elementor-animation-shrink elementor-repeater-item-4481fde\" href=\"https:\/\/www.instagram.com\/temsilder\/\" target=\"_blank\">\n\t\t\t\t\t\t<span class=\"elementor-screen-only\">Instagram<\/span>\n\t\t\t\t\t\t<i class=\"fab fa-instagram\"><\/i>\t\t\t\t\t<\/a>\n\t\t\t\t<\/span>\n\t\t\t\t\t\t\t<span class=\"elementor-grid-item\">\n\t\t\t\t\t<a class=\"elementor-icon elementor-social-icon elementor-social-icon-facebook elementor-animation-shrink elementor-repeater-item-612bf79\" href=\"https:\/\/www.facebook.com\/temsilder\" target=\"_blank\">\n\t\t\t\t\t\t<span class=\"elementor-screen-only\">Facebook<\/span>\n\t\t\t\t\t\t<i class=\"fab fa-facebook\"><\/i>\t\t\t\t\t<\/a>\n\t\t\t\t<\/span>\n\t\t\t\t\t\t\t<span class=\"elementor-grid-item\">\n\t\t\t\t\t<a class=\"elementor-icon elementor-social-icon elementor-social-icon-twitter elementor-animation-shrink elementor-repeater-item-281be4e\" href=\"https:\/\/twitter.com\/temsilder\" target=\"_blank\">\n\t\t\t\t\t\t<span class=\"elementor-screen-only\">Twitter<\/span>\n\t\t\t\t\t\t<i class=\"fab fa-twitter\"><\/i>\t\t\t\t\t<\/a>\n\t\t\t\t<\/span>\n\t\t\t\t\t\t\t<span class=\"elementor-grid-item\">\n\t\t\t\t\t<a class=\"elementor-icon elementor-social-icon elementor-social-icon-telegram-plane elementor-animation-shrink elementor-repeater-item-91ebc7b\" href=\"https:\/\/t.me\/temsilder\" target=\"_blank\">\n\t\t\t\t\t\t<span class=\"elementor-screen-only\">Telegram-plane<\/span>\n\t\t\t\t\t\t<i class=\"fab fa-telegram-plane\"><\/i>\t\t\t\t\t<\/a>\n\t\t\t\t<\/span>\n\t\t\t\t\t<\/div>\n\t\t\t\t\t\t<\/div>\n\t\t\t\t<\/div>\n\t\t\t\t\t<\/div>\n\t\t<\/div>\n\t\t\t\t<div class=\"elementor-column elementor-col-50 elementor-top-column elementor-element elementor-element-da89d31\" data-id=\"da89d31\" data-element_type=\"column\">\n\t\t\t<div class=\"elementor-widget-wrap elementor-element-populated\">\n\t\t\t\t\t\t<div class=\"elementor-element elementor-element-7df8104 elementor-widget elementor-widget-rs-heading\" data-id=\"7df8104\" data-element_type=\"widget\" data-widget_type=\"rs-heading.default\">\n\t\t\t\t<div class=\"elementor-widget-container\">\n\t\t\t\t\t\n        <div class=\"prelements-heading default animate-  normal_color  subnormal_color dots_no subnormal_color\">\n        \t<div class=\"title-inner\">      \t\t\n\t            <span class=\"sub-text\">TEMS\u0130L-DER Tan\u0131t\u0131m Kitap\u00e7\u0131\u011f\u0131<\/span>\t\t\t\t\n\t\t\t\t\t        <\/div>\n\t                    \t<div class=\"description\">\n            \t\t            \t\t<p><span style=\"font-weight: 500\">Temsil E\u011fitim ve K\u00fclt\u00fcr Derne\u011fi (TEMS\u0130L-DER), 2021 y\u0131l\u0131nda bir grup din g\u00f6n\u00fcll\u00fcs\u00fc taraf\u0131ndan, y\u00fcr\u00fctt\u00fckleri Temsil Din G\u00f6n\u00fcll\u00fcleri projesine kurumsal bir kimlik kazand\u0131rmak amac\u0131yla kuruldu. Bu proje kapsam\u0131nda din e\u011fitimcilerinin ki\u015fisel geli\u015fimine katk\u0131 sa\u011flamak i\u00e7in \u015fan, diksiyon ve dil e\u011fitimleri d\u00fczenlendi. Buradan elde edilen tecr\u00fcbeyle daha geni\u015f bir kitleye ula\u015fmay\u0131 hedefleyen din g\u00f6n\u00fcll\u00fcleri, TEMS\u0130L-DER\u2019in temellerini att\u0131.<\/span><\/p><p>\u00a0<\/p><p><span style=\"font-weight: 500\">Derne\u011fin temel amac\u0131, ilim, ahlak ve maneviyatla g\u00fc\u00e7lenmi\u015f bir nesil yeti\u015ftirmektir. Bu do\u011frultuda yeti\u015fkinler, gen\u00e7ler, \u00e7ocuklar ve okul \u00f6ncesi bireyler i\u00e7in \u00f6zg\u00fcn e\u011fitim programlar\u0131 geli\u015ftirerek topluma nitelikli bireyler yeti\u015ftirmeyi ama\u00e7lamaktad\u0131r. Bu hedeflere ula\u015fmak i\u00e7in kademe e\u011fitimleri, dizi seminerler, \u00e7al\u0131\u015ftaylar, sempozyumlar, paneller ve ki\u015fisel geli\u015fim kurslar\u0131 d\u00fczenlemektedir.<\/span><\/p><p>\u00a0<\/p><p><span style=\"font-weight: 500\">TEMS\u0130L-DER, faaliyetlerinin genel tan\u0131t\u0131m\u0131n\u0131n yap\u0131ld\u0131\u011f\u0131n\u0131 tan\u0131t\u0131m kitap\u00e7\u0131\u011f\u0131 yay\u0131mlad\u0131!<\/span><\/p>  \n            \t<\/div>\n        \t        <\/div>\n        \t\t\t\t<\/div>\n\t\t\t\t<\/div>\n\t\t\t\t\t<\/div>\n\t\t<\/div>\n\t\t\t\t\t<\/div>\n\t\t<\/section>\n\t\t\t\t<\/div>","protected":false},"excerpt":{"rendered":"<p>PDF \u0130ndir Oku \/ \u0130ndir Whatsapp Youtube Instagram Facebook Twitter Telegram-plane TEMS\u0130L-DER Tan\u0131t\u0131m Kitap\u00e7\u0131\u011f\u0131 Temsil E\u011fitim ve K\u00fclt\u00fcr Derne\u011fi (TEMS\u0130L-DER), 2021 y\u0131l\u0131nda bir grup din g\u00f6n\u00fcll\u00fcs\u00fc taraf\u0131ndan, y\u00fcr\u00fctt\u00fckleri Temsil Din G\u00f6n\u00fcll\u00fcleri projesine kurumsal bir kimlik kazand\u0131rmak amac\u0131yla kuruldu. Bu proje kapsam\u0131nda din e\u011fitimcilerinin ki\u015fisel geli\u015fimine katk\u0131 sa\u011flamak i\u00e7in \u015fan, diksiyon ve dil e\u011fitimleri d\u00fczenlendi. Buradan&#8230;<\/p>","protected":false},"author":1,"featured_media":0,"parent":93966,"menu_order":0,"comment_status":"closed","ping_status":"closed","template":"elementor_header_footer","meta":{"_themeisle_gutenberg_block_has_review":false,"footnotes":""},"_links":{"self":[{"href":"https:\/\/www.temsilder.org.tr\/en\/wp-json\/wp\/v2\/pages\/97107"}],"collection":[{"href":"https:\/\/www.temsilder.org.tr\/en\/wp-json\/wp\/v2\/pages"}],"about":[{"href":"https:\/\/www.temsilder.org.tr\/en\/wp-json\/wp\/v2\/types\/page"}],"author":[{"embeddable":true,"href":"https:\/\/www.temsilder.org.tr\/en\/wp-json\/wp\/v2\/users\/1"}],"replies":[{"embeddable":true,"href":"https:\/\/www.temsilder.org.tr\/en\/wp-json\/wp\/v2\/comments?post=97107"}],"version-history":[{"count":13,"href":"https:\/\/www.temsilder.org.tr\/en\/wp-json\/wp\/v2\/pages\/97107\/revisions"}],"predecessor-version":[{"id":97537,"href":"https:\/\/www.temsilder.org.tr\/en\/wp-json\/wp\/v2\/pages\/97107\/revisions\/97537"}],"up":[{"embeddable":true,"href":"https:\/\/www.temsilder.org.tr\/en\/wp-json\/wp\/v2\/pages\/93966"}],"wp:attachment":[{"href":"https:\/\/www.temsilder.org.tr\/en\/wp-json\/wp\/v2\/media?parent=97107"}],"curies":[{"name":"wp","href":"https:\/\/api.w.org\/{rel}","templated":true}]}}