{"id":94559,"date":"2023-09-21T19:35:13","date_gmt":"2023-09-21T19:35:13","guid":{"rendered":"https:\/\/www.temsilder.org.tr\/?page_id=94559"},"modified":"2023-09-23T12:41:03","modified_gmt":"2023-09-23T12:41:03","slug":"serkan-demirturk","status":"publish","type":"page","link":"https:\/\/www.temsilder.org.tr\/en\/serkan-demirturk\/","title":{"rendered":"Serkan Demirt\u00fcrk"},"content":{"rendered":"<div data-elementor-type=\"wp-page\" data-elementor-id=\"94559\" class=\"elementor elementor-94559\" data-elementor-post-type=\"page\">\n\t\t\t\t\t\t<section class=\"default no-position elementor-section elementor-top-section elementor-element elementor-element-48f0859 elementor-section-boxed elementor-section-height-default elementor-section-height-default\" data-id=\"48f0859\" data-element_type=\"section\">\n\t\t\t\t\t\t<div class=\"elementor-container elementor-column-gap-default\">\n\t\t\t\t\t<div class=\"elementor-column elementor-col-33 elementor-top-column elementor-element elementor-element-cbd41f3\" data-id=\"cbd41f3\" data-element_type=\"column\">\n\t\t\t<div class=\"elementor-widget-wrap elementor-element-populated\">\n\t\t\t\t\t\t<section class=\"default no-position elementor-section elementor-inner-section elementor-element elementor-element-9fae703 elementor-section-boxed elementor-section-height-default elementor-section-height-default\" data-id=\"9fae703\" data-element_type=\"section\">\n\t\t\t\t\t\t<div class=\"elementor-container elementor-column-gap-default\">\n\t\t\t\t\t<div class=\"elementor-column elementor-col-100 elementor-inner-column elementor-element elementor-element-299480f\" data-id=\"299480f\" data-element_type=\"column\">\n\t\t\t<div class=\"elementor-widget-wrap elementor-element-populated\">\n\t\t\t\t\t\t<div class=\"elementor-element elementor-element-8782e06 elementor-widget elementor-widget-image\" data-id=\"8782e06\" data-element_type=\"widget\" data-widget_type=\"image.default\">\n\t\t\t\t<div class=\"elementor-widget-container\">\n\t\t\t\t\t\t\t\t\t\t\t\t\t\t\t<img fetchpriority=\"high\" decoding=\"async\" width=\"350\" height=\"350\" src=\"https:\/\/www.temsilder.org.tr\/wp-content\/uploads\/2023\/09\/Serkan-Demirturk.png\" class=\"attachment-large size-large wp-image-94532\" alt=\"\" srcset=\"https:\/\/www.temsilder.org.tr\/wp-content\/uploads\/2023\/09\/Serkan-Demirturk.png 350w, https:\/\/www.temsilder.org.tr\/wp-content\/uploads\/2023\/09\/Serkan-Demirturk-300x300.png 300w, https:\/\/www.temsilder.org.tr\/wp-content\/uploads\/2023\/09\/Serkan-Demirturk-150x150.png 150w, https:\/\/www.temsilder.org.tr\/wp-content\/uploads\/2023\/09\/Serkan-Demirturk-100x100.png 100w\" sizes=\"(max-width: 350px) 100vw, 350px\" \/>\t\t\t\t\t\t\t\t\t\t\t\t\t\t\t<\/div>\n\t\t\t\t<\/div>\n\t\t\t\t<div class=\"elementor-element elementor-element-12f3897 elementor-widget elementor-widget-heading\" data-id=\"12f3897\" data-element_type=\"widget\" data-widget_type=\"heading.default\">\n\t\t\t\t<div class=\"elementor-widget-container\">\n\t\t\t\t\t<h6 class=\"elementor-heading-title elementor-size-default\">Serkan Demirt\u00fcrk<\/h6>\t\t\t\t<\/div>\n\t\t\t\t<\/div>\n\t\t\t\t<div class=\"elementor-element elementor-element-bdf74e5 elementor-widget elementor-widget-heading\" data-id=\"bdf74e5\" data-element_type=\"widget\" data-widget_type=\"heading.default\">\n\t\t\t\t<div class=\"elementor-widget-container\">\n\t\t\t\t\t<h6 class=\"elementor-heading-title elementor-size-default\">Sayman<\/h6>\t\t\t\t<\/div>\n\t\t\t\t<\/div>\n\t\t\t\t\t<\/div>\n\t\t<\/div>\n\t\t\t\t\t<\/div>\n\t\t<\/section>\n\t\t\t\t\t<\/div>\n\t\t<\/div>\n\t\t\t\t<div class=\"elementor-column elementor-col-66 elementor-top-column elementor-element elementor-element-28a80b0\" data-id=\"28a80b0\" data-element_type=\"column\">\n\t\t\t<div class=\"elementor-widget-wrap elementor-element-populated\">\n\t\t\t\t\t\t<div class=\"elementor-element elementor-element-99cc461 elementor-widget elementor-widget-heading\" data-id=\"99cc461\" data-element_type=\"widget\" data-widget_type=\"heading.default\">\n\t\t\t\t<div class=\"elementor-widget-container\">\n\t\t\t\t\t<h6 class=\"elementor-heading-title elementor-size-default\">\u00d6zge\u00e7mi\u015f<\/h6>\t\t\t\t<\/div>\n\t\t\t\t<\/div>\n\t\t\t\t<div class=\"elementor-element elementor-element-65012fa elementor-widget elementor-widget-text-editor\" data-id=\"65012fa\" data-element_type=\"widget\" data-widget_type=\"text-editor.default\">\n\t\t\t\t<div class=\"elementor-widget-container\">\n\t\t\t\t\t\t\t\t\t<p>1972\u2019de \u0130stanbul&#8217;da do\u011fdu. \u0130lk ve orta \u00f6\u011frenimini \u00c7atalca&#8217;da tamamlad\u0131. A\u015f\u00e7\u0131 olarak \u00e7e\u015fitli firmalarda uzun s\u00fcre \u00e7al\u0131\u015ft\u0131. 15 y\u0131ld\u0131r faaliyet g\u00f6steren Limon Patisserie&#8217;n\u0131n kurucusudur. Evli ve iki \u00e7ocuk babas\u0131d\u0131r.<\/p>\t\t\t\t\t\t\t\t<\/div>\n\t\t\t\t<\/div>\n\t\t\t\t\t<\/div>\n\t\t<\/div>\n\t\t\t\t\t<\/div>\n\t\t<\/section>\n\t\t\t\t<\/div>","protected":false},"excerpt":{"rendered":"<p>Serkan Demirt\u00fcrk Sayman \u00d6zge\u00e7mi\u015f 1972\u2019de \u0130stanbul&#8217;da do\u011fdu. \u0130lk ve orta \u00f6\u011frenimini \u00c7atalca&#8217;da tamamlad\u0131. A\u015f\u00e7\u0131 olarak \u00e7e\u015fitli firmalarda uzun s\u00fcre \u00e7al\u0131\u015ft\u0131. 15 y\u0131ld\u0131r faaliyet g\u00f6steren Limon Patisserie&#8217;n\u0131n kurucusudur. Evli ve iki \u00e7ocuk babas\u0131d\u0131r.<\/p>","protected":false},"author":1,"featured_media":0,"parent":0,"menu_order":0,"comment_status":"closed","ping_status":"closed","template":"elementor_header_footer","meta":{"_themeisle_gutenberg_block_has_review":false,"footnotes":""},"_links":{"self":[{"href":"https:\/\/www.temsilder.org.tr\/en\/wp-json\/wp\/v2\/pages\/94559"}],"collection":[{"href":"https:\/\/www.temsilder.org.tr\/en\/wp-json\/wp\/v2\/pages"}],"about":[{"href":"https:\/\/www.temsilder.org.tr\/en\/wp-json\/wp\/v2\/types\/page"}],"author":[{"embeddable":true,"href":"https:\/\/www.temsilder.org.tr\/en\/wp-json\/wp\/v2\/users\/1"}],"replies":[{"embeddable":true,"href":"https:\/\/www.temsilder.org.tr\/en\/wp-json\/wp\/v2\/comments?post=94559"}],"version-history":[{"count":7,"href":"https:\/\/www.temsilder.org.tr\/en\/wp-json\/wp\/v2\/pages\/94559\/revisions"}],"predecessor-version":[{"id":94746,"href":"https:\/\/www.temsilder.org.tr\/en\/wp-json\/wp\/v2\/pages\/94559\/revisions\/94746"}],"wp:attachment":[{"href":"https:\/\/www.temsilder.org.tr\/en\/wp-json\/wp\/v2\/media?parent=94559"}],"curies":[{"name":"wp","href":"https:\/\/api.w.org\/{rel}","templated":true}]}}