{"id":93109,"date":"2023-09-06T13:07:36","date_gmt":"2023-09-06T13:07:36","guid":{"rendered":"https:\/\/www.temsilder.org.tr\/?page_id=93109"},"modified":"2023-10-03T10:41:16","modified_gmt":"2023-10-03T10:41:16","slug":"ahmet-seki-ile-proje-hazirlama-egitimi","status":"publish","type":"page","link":"https:\/\/www.temsilder.org.tr\/en\/ahmet-seki-ile-proje-hazirlama-egitimi\/","title":{"rendered":"Ahmet Seki ile Proje Haz\u0131rlama E\u011fitimi"},"content":{"rendered":"<div data-elementor-type=\"wp-page\" data-elementor-id=\"93109\" class=\"elementor elementor-93109\" data-elementor-post-type=\"page\">\n\t\t\t\t\t\t<section class=\"default no-position elementor-section elementor-top-section elementor-element elementor-element-b4a5663 elementor-section-boxed elementor-section-height-default elementor-section-height-default\" data-id=\"b4a5663\" data-element_type=\"section\">\n\t\t\t\t\t\t<div class=\"elementor-container elementor-column-gap-default\">\n\t\t\t\t\t<div class=\"elementor-column elementor-col-50 elementor-top-column elementor-element elementor-element-58a9957\" data-id=\"58a9957\" data-element_type=\"column\">\n\t\t\t<div class=\"elementor-widget-wrap elementor-element-populated\">\n\t\t\t\t\t\t<div class=\"elementor-element elementor-element-adf3708 elementor-widget elementor-widget-image\" data-id=\"adf3708\" data-element_type=\"widget\" data-widget_type=\"image.default\">\n\t\t\t\t<div class=\"elementor-widget-container\">\n\t\t\t\t\t\t\t\t\t\t\t\t\t\t\t<img fetchpriority=\"high\" decoding=\"async\" width=\"570\" height=\"760\" src=\"https:\/\/www.temsilder.org.tr\/wp-content\/uploads\/2023\/09\/570x760-ahmet-seki-proje-1.jpg\" class=\"attachment-large size-large wp-image-93356\" alt=\"\" srcset=\"https:\/\/www.temsilder.org.tr\/wp-content\/uploads\/2023\/09\/570x760-ahmet-seki-proje-1.jpg 570w, https:\/\/www.temsilder.org.tr\/wp-content\/uploads\/2023\/09\/570x760-ahmet-seki-proje-1-225x300.jpg 225w\" sizes=\"(max-width: 570px) 100vw, 570px\" \/>\t\t\t\t\t\t\t\t\t\t\t\t\t\t\t<\/div>\n\t\t\t\t<\/div>\n\t\t\t\t<div class=\"elementor-element elementor-element-8f9b1ee elementor-shape-circle elementor-widget__width-auto elementor-grid-0 e-grid-align-center elementor-widget elementor-widget-social-icons\" data-id=\"8f9b1ee\" data-element_type=\"widget\" data-widget_type=\"social-icons.default\">\n\t\t\t\t<div class=\"elementor-widget-container\">\n\t\t\t\t\t\t\t<div class=\"elementor-social-icons-wrapper elementor-grid\">\n\t\t\t\t\t\t\t<span class=\"elementor-grid-item\">\n\t\t\t\t\t<a class=\"elementor-icon elementor-social-icon elementor-social-icon-whatsapp elementor-animation-shrink elementor-repeater-item-5de4bde\" href=\"https:\/\/wa.me\/905013646322\" target=\"_blank\">\n\t\t\t\t\t\t<span class=\"elementor-screen-only\">Whatsapp<\/span>\n\t\t\t\t\t\t<i class=\"fab fa-whatsapp\"><\/i>\t\t\t\t\t<\/a>\n\t\t\t\t<\/span>\n\t\t\t\t\t\t\t<span class=\"elementor-grid-item\">\n\t\t\t\t\t<a class=\"elementor-icon elementor-social-icon elementor-social-icon-youtube elementor-animation-shrink elementor-repeater-item-ddc5112\" href=\"https:\/\/www.youtube.com\/@temsilder\" target=\"_blank\">\n\t\t\t\t\t\t<span class=\"elementor-screen-only\">Youtube<\/span>\n\t\t\t\t\t\t<i class=\"fab fa-youtube\"><\/i>\t\t\t\t\t<\/a>\n\t\t\t\t<\/span>\n\t\t\t\t\t\t\t<span class=\"elementor-grid-item\">\n\t\t\t\t\t<a class=\"elementor-icon elementor-social-icon elementor-social-icon-instagram elementor-animation-shrink elementor-repeater-item-4481fde\" href=\"https:\/\/www.instagram.com\/temsilder\/\" target=\"_blank\">\n\t\t\t\t\t\t<span class=\"elementor-screen-only\">Instagram<\/span>\n\t\t\t\t\t\t<i class=\"fab fa-instagram\"><\/i>\t\t\t\t\t<\/a>\n\t\t\t\t<\/span>\n\t\t\t\t\t\t\t<span class=\"elementor-grid-item\">\n\t\t\t\t\t<a class=\"elementor-icon elementor-social-icon elementor-social-icon-facebook elementor-animation-shrink elementor-repeater-item-612bf79\" href=\"https:\/\/www.facebook.com\/temsilder\" target=\"_blank\">\n\t\t\t\t\t\t<span class=\"elementor-screen-only\">Facebook<\/span>\n\t\t\t\t\t\t<i class=\"fab fa-facebook\"><\/i>\t\t\t\t\t<\/a>\n\t\t\t\t<\/span>\n\t\t\t\t\t\t\t<span class=\"elementor-grid-item\">\n\t\t\t\t\t<a class=\"elementor-icon elementor-social-icon elementor-social-icon-twitter elementor-animation-shrink elementor-repeater-item-281be4e\" href=\"https:\/\/twitter.com\/temsilder\" target=\"_blank\">\n\t\t\t\t\t\t<span class=\"elementor-screen-only\">Twitter<\/span>\n\t\t\t\t\t\t<i class=\"fab fa-twitter\"><\/i>\t\t\t\t\t<\/a>\n\t\t\t\t<\/span>\n\t\t\t\t\t\t\t<span class=\"elementor-grid-item\">\n\t\t\t\t\t<a class=\"elementor-icon elementor-social-icon elementor-social-icon-telegram-plane elementor-animation-shrink elementor-repeater-item-91ebc7b\" href=\"https:\/\/t.me\/temsilder\" target=\"_blank\">\n\t\t\t\t\t\t<span class=\"elementor-screen-only\">Telegram-plane<\/span>\n\t\t\t\t\t\t<i class=\"fab fa-telegram-plane\"><\/i>\t\t\t\t\t<\/a>\n\t\t\t\t<\/span>\n\t\t\t\t\t<\/div>\n\t\t\t\t\t\t<\/div>\n\t\t\t\t<\/div>\n\t\t\t\t\t<\/div>\n\t\t<\/div>\n\t\t\t\t<div class=\"elementor-column elementor-col-50 elementor-top-column elementor-element elementor-element-36978b1\" data-id=\"36978b1\" data-element_type=\"column\">\n\t\t\t<div class=\"elementor-widget-wrap elementor-element-populated\">\n\t\t\t\t\t\t<div class=\"elementor-element elementor-element-ac9aa91 elementor-widget elementor-widget-rs-heading\" data-id=\"ac9aa91\" data-element_type=\"widget\" data-widget_type=\"rs-heading.default\">\n\t\t\t\t<div class=\"elementor-widget-container\">\n\t\t\t\t\t\n        <div class=\"prelements-heading default animate-  normal_color  subnormal_color dots_no subnormal_color\">\n        \t<div class=\"title-inner\">      \t\t\n\t            <h3 class=\"title\"><span class=\"watermark\"><\/span>Ahmet Seki ile \u201cProje Haz\u0131rlama E\u011fitimi\u201d Ba\u015fl\u0131yor\u2026<\/h3>\t\t\t\t\n\t\t\t\t\t        <\/div>\n\t                    \t<div class=\"description\">\n            \t\t            \t\t<p><img decoding=\"async\" class=\"emoji\" role=\"img\" src=\"https:\/\/s.w.org\/images\/core\/emoji\/14.0.0\/svg\/1f5d3.svg\" alt=\"\ud83d\uddd3\ufe0f\" \/>\u00a025 Temmuz 2022- 29 Temmuz 2022 14:00 (\u0130lk oturum 25 Temmuz 2022), 5 G\u00fcn, 15 saat<\/p><p><img decoding=\"async\" class=\"emoji\" role=\"img\" src=\"https:\/\/s.w.org\/images\/core\/emoji\/14.0.0\/svg\/1f4cd.svg\" alt=\"\ud83d\udccd\" \/>\u00a0Online (ZOOM)<\/p><p>Ayr\u0131nt\u0131l\u0131 bilgi ve ba\u015fvuru i\u00e7in:<\/p><p>\u2706 WhatsApp (Aramalara cevap verilmeyecektir, l\u00fctfen mesaj yaz\u0131n\u0131z).<\/p>  \n            \t<\/div>\n        \t        <\/div>\n        \t\t\t\t<\/div>\n\t\t\t\t<\/div>\n\t\t\t\t<div class=\"elementor-element elementor-element-d380f49 elementor-widget elementor-widget-rs-heading\" data-id=\"d380f49\" data-element_type=\"widget\" data-widget_type=\"rs-heading.default\">\n\t\t\t\t<div class=\"elementor-widget-container\">\n\t\t\t\t\t\n        <div class=\"prelements-heading default animate-  normal_color  subnormal_color dots_no subnormal_color\">\n        \t<div class=\"title-inner\">      \t\t\n\t            \t\t\t\t\n\t\t\t\t\t        <\/div>\n\t                    \t<div class=\"description\">\n            \t\t            \t\t<ul><li>Son Ba\u015fvuru: 24 Temmuz 2022<\/li><li>Din e\u011fitimcilerine \u00f6zel bir e\u011fitim program\u0131d\u0131r.<\/li><li>Kat\u0131l\u0131m \u00fccretsizdir.<\/li><li>Kat\u0131l\u0131mc\u0131lara sertifika verilecektir.<\/li><li>50 ki\u015filik kontenjanla s\u0131n\u0131rl\u0131d\u0131r.<\/li><\/ul>  \n            \t<\/div>\n        \t        <\/div>\n        \t\t\t\t<\/div>\n\t\t\t\t<\/div>\n\t\t\t\t<div class=\"elementor-element elementor-element-25d7492 elementor-widget elementor-widget-rs-heading\" data-id=\"25d7492\" data-element_type=\"widget\" data-widget_type=\"rs-heading.default\">\n\t\t\t\t<div class=\"elementor-widget-container\">\n\t\t\t\t\t\n        <div class=\"prelements-heading default animate-  normal_color  subnormal_color dots_no subnormal_color\">\n        \t<div class=\"title-inner\">      \t\t\n\t            \t\t\t\t\n\t\t\t\t\t        <\/div>\n\t                    \t<div class=\"description\">\n            \t\t            \t\t<div class=\"elementor-element elementor-element-a85fe47 elementor-widget elementor-widget-rs-heading\" data-id=\"a85fe47\" data-element_type=\"widget\" data-widget_type=\"rs-heading.default\"><div class=\"elementor-widget-container\"><div class=\"prelements-heading default animate-  normal_color  subnormal_color dots_no subnormal_color\"><div class=\"description\"><p>Temsil E\u011fitim ve K\u00fclt\u00fcr Derne\u011fi E\u011fitim Komisyonu b\u00fcnyesinde ger\u00e7ekle\u015ftirece\u011fi \u201cProje Haz\u0131rlama E\u011fitimi\u201d ba\u015fl\u0131yor. Ahmet Seki\u2019nin y\u00fcr\u00fct\u00fcc\u00fcl\u00fc\u011f\u00fcnde 5 g\u00fcn s\u00fcrecek e\u011fitimde proje yazma ve haz\u0131rlama s\u00fcre\u00e7leri, proje y\u00fcr\u00fctme s\u00fcre\u00e7leri, projelere fon sa\u011flayan kurulu\u015flar, faaliyet plan\u0131 olu\u015fturma ve b\u00fct\u00e7e analizleri gibi ba\u015fl\u0131klar ele al\u0131nacak. Online ger\u00e7ekle\u015ftirilecek bu e\u011fitime kat\u0131lmak i\u00e7in hemen ba\u015fvuruda bulunun.<\/p><\/div><\/div><\/div><\/div><div class=\"elementor-element elementor-element-4d6ac61 elementor-widget elementor-widget-rs-heading\" data-id=\"4d6ac61\" data-element_type=\"widget\" data-widget_type=\"rs-heading.default\"><div class=\"elementor-widget-container\"><div class=\"prelements-heading default animate-  normal_color  subnormal_color dots_no subnormal_color\">\u00a0<\/div><\/div><\/div>  \n            \t<\/div>\n        \t        <\/div>\n        \t\t\t\t<\/div>\n\t\t\t\t<\/div>\n\t\t\t\t\t<\/div>\n\t\t<\/div>\n\t\t\t\t\t<\/div>\n\t\t<\/section>\n\t\t\t\t<section class=\"default no-position elementor-section elementor-top-section elementor-element elementor-element-418fe8d elementor-section-boxed elementor-section-height-default elementor-section-height-default\" data-id=\"418fe8d\" data-element_type=\"section\">\n\t\t\t\t\t\t<div class=\"elementor-container elementor-column-gap-default\">\n\t\t\t\t\t<div class=\"elementor-column elementor-col-50 elementor-top-column elementor-element elementor-element-a9b2a9c elementor-hidden-mobile\" data-id=\"a9b2a9c\" data-element_type=\"column\">\n\t\t\t<div class=\"elementor-widget-wrap elementor-element-populated\">\n\t\t\t\t\t\t<div class=\"elementor-element elementor-element-0baf79c elementor-widget elementor-widget-spacer\" data-id=\"0baf79c\" data-element_type=\"widget\" data-widget_type=\"spacer.default\">\n\t\t\t\t<div class=\"elementor-widget-container\">\n\t\t\t\t\t\t\t<div class=\"elementor-spacer\">\n\t\t\t<div class=\"elementor-spacer-inner\"><\/div>\n\t\t<\/div>\n\t\t\t\t\t\t<\/div>\n\t\t\t\t<\/div>\n\t\t\t\t\t<\/div>\n\t\t<\/div>\n\t\t\t\t<div class=\"elementor-column elementor-col-50 elementor-top-column elementor-element elementor-element-319ac52\" data-id=\"319ac52\" data-element_type=\"column\">\n\t\t\t<div class=\"elementor-widget-wrap elementor-element-populated\">\n\t\t\t\t\t\t<div class=\"elementor-element elementor-element-26130c3 elementor-widget elementor-widget-rs-heading\" data-id=\"26130c3\" data-element_type=\"widget\" data-widget_type=\"rs-heading.default\">\n\t\t\t\t<div class=\"elementor-widget-container\">\n\t\t\t\t\t\n        <div class=\"prelements-heading default animate-  normal_color  subnormal_color dots_no subnormal_color\">\n        \t<div class=\"title-inner\">      \t\t\n\t            <h3 class=\"title\"><span class=\"watermark\"><\/span>AHMET SEK\u0130 K\u0130MD\u0130R?<\/h3>\t\t\t\t\n\t\t\t\t\t        <\/div>\n\t                    \t<div class=\"description\">\n            \t\t            \t\t<p>Orta \u00f6\u011frenimini Arslank\u00f6y Lisesi(1991), \u0130mam-Hatip Lisesi (1992) ve End\u00fcstri Meslek Lisesi Elektrik B\u00f6l\u00fcm\u00fc (2002)\u2019nde tamamlad\u0131. Anadolu \u00dcniversitesi Sosyal Bilimler \u00d6n Lisans B\u00f6l\u00fcm\u00fc (1998), Anadolu \u00dcniversitesi \u0130lahiyat \u00d6n Lisans B\u00f6l\u00fcm\u00fc (2007), Anadolu \u00dcniversitesi Sosyoloji Lisans B\u00f6l\u00fcm\u00fc (2016), A\u00e7\u0131k \u00d6\u011fretim Fak\u00fcltesi \u0130nsan Kaynaklar\u0131 ve Y\u00f6netimi b\u00f6l\u00fcm\u00fc (2020-) ve halen devam etmekte oldu\u011fu A\u00e7\u0131k \u00d6\u011fretim Fak\u00fcltesi Sa\u011fl\u0131k Y\u00f6netimi b\u00f6l\u00fcm\u00fc ile ara vermeden e\u011fitim hayat\u0131n\u0131 yak\u0131ndan takip etmektedir.<\/p><div class=\"h-row-container gutters-row-lg-2 gutters-row-md-2 gutters-row-0 gutters-row-v-lg-2 gutters-row-v-md-2 gutters-row-v-2 style-661 style-local-623-m8 position-relative\" data-colibri-id=\"623-m8\"><div class=\"h-row justify-content-lg-center justify-content-md-center justify-content-center align-items-lg-stretch align-items-md-stretch align-items-stretch gutters-col-lg-2 gutters-col-md-2 gutters-col-0 gutters-col-v-lg-2 gutters-col-v-md-2 gutters-col-v-2\"><div class=\"h-column h-column-container d-flex h-col-lg h-col-md h-col-auto style-662-outer style-local-623-m9-outer\"><div class=\"d-flex h-flex-basis h-column__inner h-px-lg-3 h-px-md-3 h-px-3 v-inner-lg-3 v-inner-md-3 v-inner-3 style-662 style-local-623-m9 position-relative\" data-colibri-id=\"623-m9\"><div class=\"w-100 h-y-container h-column__content h-column__v-align flex-basis-100 align-self-lg-start align-self-md-start align-self-start\"><div class=\"style-664 style-local-623-m10 position-relative h-element\" data-colibri-id=\"623-m10\"><div class=\"colibri-post-content h-global-transition-all\"><p>Evli ve 4 \u00e7ocuk babas\u0131 olup, halen \u015ei\u015fli \u0130l\u00e7e M\u00fcft\u00fcl\u00fc\u011f\u00fcne ba\u011fl\u0131 Melek Mescidi\u2019nde \u0130mam Hatip olarak g\u00f6rev yapmaktad\u0131r. \u015ei\u015fli M\u00fcft\u00fcl\u00fc\u011f\u00fcne ba\u011fl\u0131 olarak Hasan Zeynep Gen\u00e7lik Merkezi\u2019nde e\u011fitimci ve y\u00f6netici olarak idealindeki nesil i\u00e7in b\u00fcy\u00fck \u00e7aba sarf etmi\u015f, Kaliteli Ya\u015fam Akademisi projesi ile 185 \u00f6\u011frencinin Kur\u2019an\u2019\u0131 Kerim\u2019le tan\u0131\u015fmas\u0131na vesile olmu\u015ftur. \u015ei\u015fli Kaymakaml\u0131\u011f\u0131\u2019n\u0131n A\u00e7\u0131k Kap\u0131 biriminde 4 y\u0131l ge\u00e7ici g\u00f6revle, vatanda\u015f \u015fik\u00e2yetlerinin \u00e7\u00f6z\u00fcm\u00fc noktas\u0131nda sorumlu saha personeli, AB ve Proje Koordinasyon Biriminde \u0130K ve e\u011fitimden sorumlu Koordinat\u00f6r Yard\u0131mc\u0131s\u0131 olarak 5 y\u0131l g\u00f6rev yapm\u0131\u015ft\u0131r. \u0130lgi duydu\u011fu ve katk\u0131da bulundu\u011fu alanlar; okuma, ara\u015ft\u0131rma, ileti\u015fim, sosyo-ekonomik, sosyo-k\u00fclt\u00fcrel ve sosyo-psikolojik \u00e7al\u0131\u015fmalar, kamu- sivil i\u015f hayat\u0131, aile i\u00e7i ileti\u015fim, aile dan\u0131\u015fmanl\u0131\u011f\u0131, Y\u00f6netim Dan\u0131\u015fmanl\u0131\u011f\u0131, toplumsal ara\u015ft\u0131rmalard\u0131r.<\/p><\/div><\/div><\/div><\/div><\/div><\/div><\/div>  \n            \t<\/div>\n        \t        <\/div>\n        \t\t\t\t<\/div>\n\t\t\t\t<\/div>\n\t\t\t\t\t<\/div>\n\t\t<\/div>\n\t\t\t\t\t<\/div>\n\t\t<\/section>\n\t\t\t\t<\/div>","protected":false},"excerpt":{"rendered":"<p>Whatsapp Youtube Instagram Facebook Twitter Telegram-plane Ahmet Seki ile \u201cProje Haz\u0131rlama E\u011fitimi\u201d Ba\u015fl\u0131yor\u2026 \u00a025 Temmuz 2022- 29 Temmuz 2022 14:00 (\u0130lk oturum 25 Temmuz 2022), 5 G\u00fcn, 15 saat \u00a0Online (ZOOM) Ayr\u0131nt\u0131l\u0131 bilgi ve ba\u015fvuru i\u00e7in: \u2706 WhatsApp (Aramalara cevap verilmeyecektir, l\u00fctfen mesaj yaz\u0131n\u0131z). Son Ba\u015fvuru: 24 Temmuz 2022 Din e\u011fitimcilerine \u00f6zel bir e\u011fitim program\u0131d\u0131r&#8230;.<\/p>","protected":false},"author":1,"featured_media":0,"parent":0,"menu_order":0,"comment_status":"closed","ping_status":"closed","template":"elementor_header_footer","meta":{"_themeisle_gutenberg_block_has_review":false,"footnotes":""},"_links":{"self":[{"href":"https:\/\/www.temsilder.org.tr\/en\/wp-json\/wp\/v2\/pages\/93109"}],"collection":[{"href":"https:\/\/www.temsilder.org.tr\/en\/wp-json\/wp\/v2\/pages"}],"about":[{"href":"https:\/\/www.temsilder.org.tr\/en\/wp-json\/wp\/v2\/types\/page"}],"author":[{"embeddable":true,"href":"https:\/\/www.temsilder.org.tr\/en\/wp-json\/wp\/v2\/users\/1"}],"replies":[{"embeddable":true,"href":"https:\/\/www.temsilder.org.tr\/en\/wp-json\/wp\/v2\/comments?post=93109"}],"version-history":[{"count":16,"href":"https:\/\/www.temsilder.org.tr\/en\/wp-json\/wp\/v2\/pages\/93109\/revisions"}],"predecessor-version":[{"id":95512,"href":"https:\/\/www.temsilder.org.tr\/en\/wp-json\/wp\/v2\/pages\/93109\/revisions\/95512"}],"wp:attachment":[{"href":"https:\/\/www.temsilder.org.tr\/en\/wp-json\/wp\/v2\/media?parent=93109"}],"curies":[{"name":"wp","href":"https:\/\/api.w.org\/{rel}","templated":true}]}}