{"id":93056,"date":"2023-09-06T12:48:14","date_gmt":"2023-09-06T12:48:14","guid":{"rendered":"https:\/\/www.temsilder.org.tr\/?page_id=93056"},"modified":"2023-10-03T10:38:01","modified_gmt":"2023-10-03T10:38:01","slug":"aziz-hardal-ile-mevlid-i-serif-atolyesi","status":"publish","type":"page","link":"https:\/\/www.temsilder.org.tr\/en\/aziz-hardal-ile-mevlid-i-serif-atolyesi\/","title":{"rendered":"Aziz Hardal ile Mevlid-i \u015eerif At\u00f6lyesi"},"content":{"rendered":"<div data-elementor-type=\"wp-page\" data-elementor-id=\"93056\" class=\"elementor elementor-93056\" data-elementor-post-type=\"page\">\n\t\t\t\t\t\t<section class=\"default no-position elementor-section elementor-top-section elementor-element elementor-element-ac0001e elementor-section-boxed elementor-section-height-default elementor-section-height-default\" data-id=\"ac0001e\" data-element_type=\"section\">\n\t\t\t\t\t\t<div class=\"elementor-container elementor-column-gap-default\">\n\t\t\t\t\t<div class=\"elementor-column elementor-col-50 elementor-top-column elementor-element elementor-element-57a87ed\" data-id=\"57a87ed\" data-element_type=\"column\">\n\t\t\t<div class=\"elementor-widget-wrap elementor-element-populated\">\n\t\t\t\t\t\t<div class=\"elementor-element elementor-element-7bc0355 elementor-widget elementor-widget-image\" data-id=\"7bc0355\" data-element_type=\"widget\" data-widget_type=\"image.default\">\n\t\t\t\t<div class=\"elementor-widget-container\">\n\t\t\t\t\t\t\t\t\t\t\t\t\t\t\t<img fetchpriority=\"high\" decoding=\"async\" width=\"570\" height=\"760\" src=\"https:\/\/www.temsilder.org.tr\/wp-content\/uploads\/2023\/09\/570x760-AZIZ-HARDAL.jpg\" class=\"attachment-large size-large wp-image-93357\" alt=\"\" srcset=\"https:\/\/www.temsilder.org.tr\/wp-content\/uploads\/2023\/09\/570x760-AZIZ-HARDAL.jpg 570w, https:\/\/www.temsilder.org.tr\/wp-content\/uploads\/2023\/09\/570x760-AZIZ-HARDAL-225x300.jpg 225w\" sizes=\"(max-width: 570px) 100vw, 570px\" \/>\t\t\t\t\t\t\t\t\t\t\t\t\t\t\t<\/div>\n\t\t\t\t<\/div>\n\t\t\t\t<div class=\"elementor-element elementor-element-a7243ea elementor-shape-circle elementor-widget__width-auto elementor-grid-0 e-grid-align-center elementor-widget elementor-widget-social-icons\" data-id=\"a7243ea\" data-element_type=\"widget\" data-widget_type=\"social-icons.default\">\n\t\t\t\t<div class=\"elementor-widget-container\">\n\t\t\t\t\t\t\t<div class=\"elementor-social-icons-wrapper elementor-grid\">\n\t\t\t\t\t\t\t<span class=\"elementor-grid-item\">\n\t\t\t\t\t<a class=\"elementor-icon elementor-social-icon elementor-social-icon-whatsapp elementor-animation-shrink elementor-repeater-item-5de4bde\" href=\"https:\/\/wa.me\/905013646322\" target=\"_blank\">\n\t\t\t\t\t\t<span class=\"elementor-screen-only\">Whatsapp<\/span>\n\t\t\t\t\t\t<i class=\"fab fa-whatsapp\"><\/i>\t\t\t\t\t<\/a>\n\t\t\t\t<\/span>\n\t\t\t\t\t\t\t<span class=\"elementor-grid-item\">\n\t\t\t\t\t<a class=\"elementor-icon elementor-social-icon elementor-social-icon-youtube elementor-animation-shrink elementor-repeater-item-ddc5112\" href=\"https:\/\/www.youtube.com\/@temsilder\" target=\"_blank\">\n\t\t\t\t\t\t<span class=\"elementor-screen-only\">Youtube<\/span>\n\t\t\t\t\t\t<i class=\"fab fa-youtube\"><\/i>\t\t\t\t\t<\/a>\n\t\t\t\t<\/span>\n\t\t\t\t\t\t\t<span class=\"elementor-grid-item\">\n\t\t\t\t\t<a class=\"elementor-icon elementor-social-icon elementor-social-icon-instagram elementor-animation-shrink elementor-repeater-item-4481fde\" href=\"https:\/\/www.instagram.com\/temsilder\/\" target=\"_blank\">\n\t\t\t\t\t\t<span class=\"elementor-screen-only\">Instagram<\/span>\n\t\t\t\t\t\t<i class=\"fab fa-instagram\"><\/i>\t\t\t\t\t<\/a>\n\t\t\t\t<\/span>\n\t\t\t\t\t\t\t<span class=\"elementor-grid-item\">\n\t\t\t\t\t<a class=\"elementor-icon elementor-social-icon elementor-social-icon-facebook elementor-animation-shrink elementor-repeater-item-612bf79\" href=\"https:\/\/www.facebook.com\/temsilder\" target=\"_blank\">\n\t\t\t\t\t\t<span class=\"elementor-screen-only\">Facebook<\/span>\n\t\t\t\t\t\t<i class=\"fab fa-facebook\"><\/i>\t\t\t\t\t<\/a>\n\t\t\t\t<\/span>\n\t\t\t\t\t\t\t<span class=\"elementor-grid-item\">\n\t\t\t\t\t<a class=\"elementor-icon elementor-social-icon elementor-social-icon-twitter elementor-animation-shrink elementor-repeater-item-281be4e\" href=\"https:\/\/twitter.com\/temsilder\" target=\"_blank\">\n\t\t\t\t\t\t<span class=\"elementor-screen-only\">Twitter<\/span>\n\t\t\t\t\t\t<i class=\"fab fa-twitter\"><\/i>\t\t\t\t\t<\/a>\n\t\t\t\t<\/span>\n\t\t\t\t\t\t\t<span class=\"elementor-grid-item\">\n\t\t\t\t\t<a class=\"elementor-icon elementor-social-icon elementor-social-icon-telegram-plane elementor-animation-shrink elementor-repeater-item-91ebc7b\" href=\"https:\/\/t.me\/temsilder\" target=\"_blank\">\n\t\t\t\t\t\t<span class=\"elementor-screen-only\">Telegram-plane<\/span>\n\t\t\t\t\t\t<i class=\"fab fa-telegram-plane\"><\/i>\t\t\t\t\t<\/a>\n\t\t\t\t<\/span>\n\t\t\t\t\t<\/div>\n\t\t\t\t\t\t<\/div>\n\t\t\t\t<\/div>\n\t\t\t\t\t<\/div>\n\t\t<\/div>\n\t\t\t\t<div class=\"elementor-column elementor-col-50 elementor-top-column elementor-element elementor-element-229a4c9\" data-id=\"229a4c9\" data-element_type=\"column\">\n\t\t\t<div class=\"elementor-widget-wrap elementor-element-populated\">\n\t\t\t\t\t\t<div class=\"elementor-element elementor-element-b6d647e elementor-widget elementor-widget-rs-heading\" data-id=\"b6d647e\" data-element_type=\"widget\" data-widget_type=\"rs-heading.default\">\n\t\t\t\t<div class=\"elementor-widget-container\">\n\t\t\t\t\t\n        <div class=\"prelements-heading default animate-  normal_color  subnormal_color dots_no subnormal_color\">\n        \t<div class=\"title-inner\">      \t\t\n\t            <h3 class=\"title\"><span class=\"watermark\"><\/span>Aziz Hardal ile Mevlid-i \u015eerif At\u00f6lyesi ba\u015fl\u0131yor!<\/h3>\t\t\t\t\n\t\t\t\t\t        <\/div>\n\t                    \t<div class=\"description\">\n            \t\t            \t\t<p><img decoding=\"async\" class=\"emoji\" role=\"img\" src=\"https:\/\/s.w.org\/images\/core\/emoji\/14.0.0\/svg\/1f5d3.svg\" alt=\"\ud83d\uddd3\ufe0f\" \/>\u00a0Her Pazartesi\u00a0<img decoding=\"async\" class=\"emoji\" role=\"img\" src=\"https:\/\/s.w.org\/images\/core\/emoji\/14.0.0\/svg\/23f0.svg\" alt=\"\u23f0\" \/>\u00a020:30-22:00 (\u0130lk ders 07.11.2022)<br \/><img decoding=\"async\" class=\"emoji\" role=\"img\" src=\"https:\/\/s.w.org\/images\/core\/emoji\/14.0.0\/svg\/1f4cd.svg\" alt=\"\ud83d\udccd\" \/>\u00a0Online (ZOOM)<br \/><img decoding=\"async\" class=\"emoji\" role=\"img\" src=\"https:\/\/s.w.org\/images\/core\/emoji\/14.0.0\/svg\/1f4cc.svg\" alt=\"\ud83d\udccc\" \/>\u00a0E\u011fitim S\u00fcresi: 10 Hafta<br \/><img decoding=\"async\" class=\"emoji\" role=\"img\" src=\"https:\/\/s.w.org\/images\/core\/emoji\/14.0.0\/svg\/1f4cc.svg\" alt=\"\ud83d\udccc\" \/>\u00a0Son Ba\u015fvuru Tarihi: 30.10.2022 Pazar\u00a0<img decoding=\"async\" class=\"emoji\" role=\"img\" src=\"https:\/\/s.w.org\/images\/core\/emoji\/14.0.0\/svg\/23f0.svg\" alt=\"\u23f0\" \/>\u00a023:59<br \/><img decoding=\"async\" class=\"emoji\" role=\"img\" src=\"https:\/\/s.w.org\/images\/core\/emoji\/14.0.0\/svg\/1f4cc.svg\" alt=\"\ud83d\udccc\" \/>\u00a0M\u00fclakat: 31.10.2022 Pazartesi\u00a0<img decoding=\"async\" class=\"emoji\" role=\"img\" src=\"https:\/\/s.w.org\/images\/core\/emoji\/14.0.0\/svg\/23f0.svg\" alt=\"\u23f0\" \/>\u00a020:30<br \/><img decoding=\"async\" class=\"emoji\" role=\"img\" src=\"https:\/\/s.w.org\/images\/core\/emoji\/14.0.0\/svg\/1f4cc.svg\" alt=\"\ud83d\udccc\" \/>\u00a0Kontenjan: 20 ki\u015filik<br \/><img decoding=\"async\" class=\"emoji\" role=\"img\" src=\"https:\/\/s.w.org\/images\/core\/emoji\/14.0.0\/svg\/1f4cc.svg\" alt=\"\ud83d\udccc\" \/>\u00dccretsiz at\u00f6lye program\u0131d\u0131r. Erkek din g\u00f6revlilerine \u00f6zeldir.<br \/><img decoding=\"async\" class=\"emoji\" role=\"img\" src=\"https:\/\/s.w.org\/images\/core\/emoji\/14.0.0\/svg\/1f4cc.svg\" alt=\"\ud83d\udccc\" \/>\u00a0Ba\u015far\u0131l\u0131 olan kat\u0131l\u0131mc\u0131lara sertifika verilecektir.<\/p>  \n            \t<\/div>\n        \t        <\/div>\n        \t\t\t\t<\/div>\n\t\t\t\t<\/div>\n\t\t\t\t<div class=\"elementor-element elementor-element-1d8c9b1 elementor-widget elementor-widget-rs-heading\" data-id=\"1d8c9b1\" data-element_type=\"widget\" data-widget_type=\"rs-heading.default\">\n\t\t\t\t<div class=\"elementor-widget-container\">\n\t\t\t\t\t\n        <div class=\"prelements-heading default animate-  normal_color  subnormal_color dots_no subnormal_color\">\n        \t<div class=\"title-inner\">      \t\t\n\t            \t\t\t\t\n\t\t\t\t\t        <\/div>\n\t                    \t<div class=\"description\">\n            \t\t            \t\t<div class=\"elementor-element elementor-element-a757e0f elementor-widget elementor-widget-rs-heading\" data-id=\"a757e0f\" data-element_type=\"widget\" data-widget_type=\"rs-heading.default\"><div class=\"elementor-widget-container\"><div class=\"prelements-heading default animate- normal_color subnormal_color dots_no subnormal_color\"><div class=\"description\"><div class=\"title-inner\"><span class=\"sub-text\">Ayr\u0131nt\u0131l\u0131 bilgi ve ba\u015fvuru i\u00e7in:<\/span><\/div><div class=\"description\"><p>\u2706 WhatsApp<br \/><img decoding=\"async\" class=\"emoji\" role=\"img\" src=\"https:\/\/s.w.org\/images\/core\/emoji\/14.0.0\/svg\/1f4ed.svg\" alt=\"\ud83d\udced\" \/>DM<\/p><div class=\"elementor-element elementor-element-eae974e elementor-widget elementor-widget-rs-heading\" data-id=\"eae974e\" data-element_type=\"widget\" data-widget_type=\"rs-heading.default\"><div class=\"elementor-widget-container\"><div class=\"prelements-heading default animate-  normal_color  subnormal_color dots_no subnormal_color\"><div class=\"description\"><p>Temsil E\u011fitim ve K\u00fclt\u00fcr Derne\u011fi (TEMS\u0130L-DER) E\u011fitim Komisyonu b\u00fcnyesi duyuruya \u00e7\u0131kt\u0131\u011f\u0131 Aziz Hardal ile Mevlid-i \u015eerif At\u00f6lyesi, Zoom altyap\u0131s\u0131 \u00fczerinden erkek din g\u00f6revlilerine y\u00f6nelik olarak online ger\u00e7ekle\u015ftirilecektir.<\/p><\/div><\/div><\/div><\/div><\/div><\/div><\/div><\/div><\/div>  \n            \t<\/div>\n        \t        <\/div>\n        \t\t\t\t<\/div>\n\t\t\t\t<\/div>\n\t\t\t\t<div class=\"elementor-element elementor-element-ee02428 elementor-widget elementor-widget-rs-heading\" data-id=\"ee02428\" data-element_type=\"widget\" data-widget_type=\"rs-heading.default\">\n\t\t\t\t<div class=\"elementor-widget-container\">\n\t\t\t\t\t\n        <div class=\"prelements-heading default animate-  normal_color  subnormal_color dots_no subnormal_color\">\n        \t<div class=\"title-inner\">      \t\t\n\t            \t\t\t\t\n\t\t\t\t\t        <\/div>\n\t                    \t<div class=\"description\">\n            \t\t            \t\t<div class=\"title-inner\"><div class=\"title-inner\"><span class=\"sub-text\">-Mevlid-i \u015eerif At\u00f6lye Program\u0131 Ders Ak\u0131\u015f\u0131-<\/span><\/div><div class=\"description\"><ol><li>Hafta: Mevlid-i \u015eerif\u2019e Genel Bir Bak\u0131\u015f<\/li><li>Hafta: Allah Ad\u0131n (Tevhid) Bahri ve Okunacak Kaside ve \u0130lahiler<\/li><li>Hafta: Nur Bahri ve Okunacak Kaside ve \u0130lahiler<\/li><li>Hafta: Veladet Bahri ve Okunacak Kaside ve \u0130lahiler<\/li><li>Hafta: Merhaba Bahri<\/li><li>Hafta: Mirac Bahri<\/li><li>Hafta: Mirac Bahri-2<\/li><li>Hafta: Vefat-\u0131 Nebi<\/li><li>Hafta: M\u00fcnacat Bahri<\/li><li>Hafta: Genel De\u011ferlendirme<\/li><\/ol><\/div><\/div>  \n            \t<\/div>\n        \t        <\/div>\n        \t\t\t\t<\/div>\n\t\t\t\t<\/div>\n\t\t\t\t\t<\/div>\n\t\t<\/div>\n\t\t\t\t\t<\/div>\n\t\t<\/section>\n\t\t\t\t<\/div>","protected":false},"excerpt":{"rendered":"<p>Whatsapp Youtube Instagram Facebook Twitter Telegram-plane Aziz Hardal ile Mevlid-i \u015eerif At\u00f6lyesi ba\u015fl\u0131yor! \u00a0Her Pazartesi\u00a0\u00a020:30-22:00 (\u0130lk ders 07.11.2022)\u00a0Online (ZOOM)\u00a0E\u011fitim S\u00fcresi: 10 Hafta\u00a0Son Ba\u015fvuru Tarihi: 30.10.2022 Pazar\u00a0\u00a023:59\u00a0M\u00fclakat: 31.10.2022 Pazartesi\u00a0\u00a020:30\u00a0Kontenjan: 20 ki\u015filik\u00dccretsiz at\u00f6lye program\u0131d\u0131r. Erkek din g\u00f6revlilerine \u00f6zeldir.\u00a0Ba\u015far\u0131l\u0131 olan kat\u0131l\u0131mc\u0131lara sertifika verilecektir. Ayr\u0131nt\u0131l\u0131 bilgi ve ba\u015fvuru i\u00e7in: \u2706 WhatsAppDM Temsil E\u011fitim ve K\u00fclt\u00fcr Derne\u011fi (TEMS\u0130L-DER) E\u011fitim Komisyonu&#8230;<\/p>","protected":false},"author":1,"featured_media":0,"parent":0,"menu_order":0,"comment_status":"closed","ping_status":"closed","template":"elementor_header_footer","meta":{"_themeisle_gutenberg_block_has_review":false,"footnotes":""},"_links":{"self":[{"href":"https:\/\/www.temsilder.org.tr\/en\/wp-json\/wp\/v2\/pages\/93056"}],"collection":[{"href":"https:\/\/www.temsilder.org.tr\/en\/wp-json\/wp\/v2\/pages"}],"about":[{"href":"https:\/\/www.temsilder.org.tr\/en\/wp-json\/wp\/v2\/types\/page"}],"author":[{"embeddable":true,"href":"https:\/\/www.temsilder.org.tr\/en\/wp-json\/wp\/v2\/users\/1"}],"replies":[{"embeddable":true,"href":"https:\/\/www.temsilder.org.tr\/en\/wp-json\/wp\/v2\/comments?post=93056"}],"version-history":[{"count":16,"href":"https:\/\/www.temsilder.org.tr\/en\/wp-json\/wp\/v2\/pages\/93056\/revisions"}],"predecessor-version":[{"id":95482,"href":"https:\/\/www.temsilder.org.tr\/en\/wp-json\/wp\/v2\/pages\/93056\/revisions\/95482"}],"wp:attachment":[{"href":"https:\/\/www.temsilder.org.tr\/en\/wp-json\/wp\/v2\/media?parent=93056"}],"curies":[{"name":"wp","href":"https:\/\/api.w.org\/{rel}","templated":true}]}}