{"id":92927,"date":"2023-09-06T10:30:12","date_gmt":"2023-09-06T10:30:12","guid":{"rendered":"https:\/\/www.temsilder.org.tr\/?page_id=92927"},"modified":"2024-04-17T14:09:34","modified_gmt":"2024-04-17T14:09:34","slug":"degerler-egitim-programi-2","status":"publish","type":"page","link":"https:\/\/www.temsilder.org.tr\/en\/degerler-egitim-programi-2\/","title":{"rendered":"Do\u00e7. Dr. Handan Yalva\u00e7 Ar\u0131c\u0131 ile \u201cDe\u011ferler E\u011fitim Program\u0131\u201d"},"content":{"rendered":"<div data-elementor-type=\"wp-page\" data-elementor-id=\"92927\" class=\"elementor elementor-92927\" data-elementor-post-type=\"page\">\n\t\t\t\t\t\t<section class=\"default no-position elementor-section elementor-top-section elementor-element elementor-element-fbbf02f elementor-section-boxed elementor-section-height-default elementor-section-height-default\" data-id=\"fbbf02f\" data-element_type=\"section\">\n\t\t\t\t\t\t<div class=\"elementor-container elementor-column-gap-default\">\n\t\t\t\t\t<div class=\"elementor-column elementor-col-50 elementor-top-column elementor-element elementor-element-15c736a\" data-id=\"15c736a\" data-element_type=\"column\">\n\t\t\t<div class=\"elementor-widget-wrap elementor-element-populated\">\n\t\t\t\t\t\t<div class=\"elementor-element elementor-element-cb99d84 elementor-widget elementor-widget-image\" data-id=\"cb99d84\" data-element_type=\"widget\" data-widget_type=\"image.default\">\n\t\t\t\t<div class=\"elementor-widget-container\">\n\t\t\t\t\t\t\t\t\t\t\t\t\t\t\t<img fetchpriority=\"high\" decoding=\"async\" width=\"570\" height=\"760\" src=\"https:\/\/www.temsilder.org.tr\/wp-content\/uploads\/2023\/09\/handan-yalvac-ile-degerler-egitim-programi-mobil.png\" class=\"attachment-large size-large wp-image-93691\" alt=\"\" srcset=\"https:\/\/www.temsilder.org.tr\/wp-content\/uploads\/2023\/09\/handan-yalvac-ile-degerler-egitim-programi-mobil.png 570w, https:\/\/www.temsilder.org.tr\/wp-content\/uploads\/2023\/09\/handan-yalvac-ile-degerler-egitim-programi-mobil-225x300.png 225w\" sizes=\"(max-width: 570px) 100vw, 570px\" \/>\t\t\t\t\t\t\t\t\t\t\t\t\t\t\t<\/div>\n\t\t\t\t<\/div>\n\t\t\t\t<div class=\"elementor-element elementor-element-bdc5c04 elementor-shape-circle elementor-widget__width-auto elementor-grid-0 e-grid-align-center elementor-widget elementor-widget-social-icons\" data-id=\"bdc5c04\" data-element_type=\"widget\" data-widget_type=\"social-icons.default\">\n\t\t\t\t<div class=\"elementor-widget-container\">\n\t\t\t\t\t\t\t<div class=\"elementor-social-icons-wrapper elementor-grid\">\n\t\t\t\t\t\t\t<span class=\"elementor-grid-item\">\n\t\t\t\t\t<a class=\"elementor-icon elementor-social-icon elementor-social-icon-whatsapp elementor-animation-shrink elementor-repeater-item-5de4bde\" href=\"https:\/\/wa.me\/905013646322\" target=\"_blank\">\n\t\t\t\t\t\t<span class=\"elementor-screen-only\">Whatsapp<\/span>\n\t\t\t\t\t\t<i class=\"fab fa-whatsapp\"><\/i>\t\t\t\t\t<\/a>\n\t\t\t\t<\/span>\n\t\t\t\t\t\t\t<span class=\"elementor-grid-item\">\n\t\t\t\t\t<a class=\"elementor-icon elementor-social-icon elementor-social-icon-youtube elementor-animation-shrink elementor-repeater-item-ddc5112\" href=\"https:\/\/www.youtube.com\/@temsilder\" target=\"_blank\">\n\t\t\t\t\t\t<span class=\"elementor-screen-only\">Youtube<\/span>\n\t\t\t\t\t\t<i class=\"fab fa-youtube\"><\/i>\t\t\t\t\t<\/a>\n\t\t\t\t<\/span>\n\t\t\t\t\t\t\t<span class=\"elementor-grid-item\">\n\t\t\t\t\t<a class=\"elementor-icon elementor-social-icon elementor-social-icon-instagram elementor-animation-shrink elementor-repeater-item-4481fde\" href=\"https:\/\/www.instagram.com\/temsilder\/\" target=\"_blank\">\n\t\t\t\t\t\t<span class=\"elementor-screen-only\">Instagram<\/span>\n\t\t\t\t\t\t<i class=\"fab fa-instagram\"><\/i>\t\t\t\t\t<\/a>\n\t\t\t\t<\/span>\n\t\t\t\t\t\t\t<span class=\"elementor-grid-item\">\n\t\t\t\t\t<a class=\"elementor-icon elementor-social-icon elementor-social-icon-facebook elementor-animation-shrink elementor-repeater-item-612bf79\" href=\"https:\/\/www.facebook.com\/temsilder\" target=\"_blank\">\n\t\t\t\t\t\t<span class=\"elementor-screen-only\">Facebook<\/span>\n\t\t\t\t\t\t<i class=\"fab fa-facebook\"><\/i>\t\t\t\t\t<\/a>\n\t\t\t\t<\/span>\n\t\t\t\t\t\t\t<span class=\"elementor-grid-item\">\n\t\t\t\t\t<a class=\"elementor-icon elementor-social-icon elementor-social-icon-twitter elementor-animation-shrink elementor-repeater-item-281be4e\" href=\"https:\/\/twitter.com\/temsilder\" target=\"_blank\">\n\t\t\t\t\t\t<span class=\"elementor-screen-only\">Twitter<\/span>\n\t\t\t\t\t\t<i class=\"fab fa-twitter\"><\/i>\t\t\t\t\t<\/a>\n\t\t\t\t<\/span>\n\t\t\t\t\t\t\t<span class=\"elementor-grid-item\">\n\t\t\t\t\t<a class=\"elementor-icon elementor-social-icon elementor-social-icon-telegram-plane elementor-animation-shrink elementor-repeater-item-91ebc7b\" href=\"https:\/\/t.me\/temsilder\" target=\"_blank\">\n\t\t\t\t\t\t<span class=\"elementor-screen-only\">Telegram-plane<\/span>\n\t\t\t\t\t\t<i class=\"fab fa-telegram-plane\"><\/i>\t\t\t\t\t<\/a>\n\t\t\t\t<\/span>\n\t\t\t\t\t<\/div>\n\t\t\t\t\t\t<\/div>\n\t\t\t\t<\/div>\n\t\t\t\t\t<\/div>\n\t\t<\/div>\n\t\t\t\t<div class=\"elementor-column elementor-col-50 elementor-top-column elementor-element elementor-element-9197f2d\" data-id=\"9197f2d\" data-element_type=\"column\">\n\t\t\t<div class=\"elementor-widget-wrap elementor-element-populated\">\n\t\t\t\t\t\t<div class=\"elementor-element elementor-element-9b881b4 elementor-widget elementor-widget-rs-heading\" data-id=\"9b881b4\" data-element_type=\"widget\" data-widget_type=\"rs-heading.default\">\n\t\t\t\t<div class=\"elementor-widget-container\">\n\t\t\t\t\t\n        <div class=\"prelements-heading default animate-  normal_color  subnormal_color dots_no subnormal_color\">\n        \t<div class=\"title-inner\">      \t\t\n\t            \t\t\t\t\n\t\t\t\t\t        <\/div>\n\t                    \t<div class=\"description\">\n            \t\t            \t\t<p><img decoding=\"async\" class=\"emoji\" role=\"img\" src=\"https:\/\/s.w.org\/images\/core\/emoji\/14.0.0\/svg\/1f5d3.svg\" alt=\"\ud83d\uddd3\ufe0f\" \/>\u00a0Her \u00c7ar\u015famba (4 Oturum)<\/p><p><img decoding=\"async\" class=\"emoji\" role=\"img\" src=\"https:\/\/s.w.org\/images\/core\/emoji\/14.0.0\/svg\/23f0.svg\" alt=\"\u23f0\" \/>17:00-19:00<\/p><p><img decoding=\"async\" class=\"emoji\" role=\"img\" src=\"https:\/\/s.w.org\/images\/core\/emoji\/14.0.0\/svg\/1f4cc.svg\" alt=\"\ud83d\udccc\" \/>Son Ba\u015fvuru Tarihi: 29 Nisan 2023, 23:59<\/p><p><img decoding=\"async\" class=\"emoji\" role=\"img\" src=\"https:\/\/s.w.org\/images\/core\/emoji\/14.0.0\/svg\/1f4cd.svg\" alt=\"\ud83d\udccd\" \/>\u00a0\u00c7evrimi\u00e7i (Zoom)<\/p><p><img decoding=\"async\" class=\"emoji\" role=\"img\" src=\"https:\/\/s.w.org\/images\/core\/emoji\/14.0.0\/svg\/1f4cc.svg\" alt=\"\ud83d\udccc\" \/>\u00a0<strong>50 ki\u015filik kontenjanla s\u0131n\u0131rl\u0131d\u0131r.<\/strong>\u00a0<img decoding=\"async\" class=\"emoji\" role=\"img\" src=\"https:\/\/s.w.org\/images\/core\/emoji\/14.0.0\/svg\/1f4cc.svg\" alt=\"\ud83d\udccc\" \/>\u00a0<strong>Kad\u0131n din e\u011fitimcilerine y\u00f6neliktir. \u00dccretsizdir.<\/strong><\/p>  \n            \t<\/div>\n        \t        <\/div>\n        \t\t\t\t<\/div>\n\t\t\t\t<\/div>\n\t\t\t\t<div class=\"elementor-element elementor-element-b198ef7 elementor-widget elementor-widget-rs-heading\" data-id=\"b198ef7\" data-element_type=\"widget\" data-widget_type=\"rs-heading.default\">\n\t\t\t\t<div class=\"elementor-widget-container\">\n\t\t\t\t\t\n        <div class=\"prelements-heading default animate-  normal_color  subnormal_color dots_no subnormal_color\">\n        \t<div class=\"title-inner\">      \t\t\n\t            \t\t\t\t\n\t\t\t\t\t        <\/div>\n\t                    \t<div class=\"description\">\n            \t\t            \t\t<p>Temsil E\u011fitim ve K\u00fclt\u00fcr Derne\u011fi E\u011fitim Komisyonu b\u00fcnyesinde Do\u00e7. Dr. Handan Yalva\u00e7 Ar\u0131c\u0131 y\u00fcr\u00fct\u00fcc\u00fcl\u00fc\u011f\u00fcnde \u201cDe\u011ferler E\u011fitim Program\u0131\u201d ba\u015fl\u0131yor.\u00a0\u00a04 haftal\u0131k bu e\u011fitim program\u0131 3 May\u0131s-24 May\u0131s 2023 tarihleri aras\u0131nda\u00a0her \u00e7ar\u015famba \u00e7evirimi\u00e7i (ZOOM) olarak\u00a0ger\u00e7ekle\u015ftirilecektir.\u00a0Program kad\u0131n din e\u011fitimcilerine y\u00f6neliktir, kat\u0131l\u0131m i\u00e7in form doldurulmas\u0131 gerekmektedir.<\/p>  \n            \t<\/div>\n        \t        <\/div>\n        \t\t\t\t<\/div>\n\t\t\t\t<\/div>\n\t\t\t\t<div class=\"elementor-element elementor-element-db74c3e elementor-widget elementor-widget-rs-heading\" data-id=\"db74c3e\" data-element_type=\"widget\" data-widget_type=\"rs-heading.default\">\n\t\t\t\t<div class=\"elementor-widget-container\">\n\t\t\t\t\t\n        <div class=\"prelements-heading default animate-  normal_color  subnormal_color dots_no subnormal_color\">\n        \t<div class=\"title-inner\">      \t\t\n\t            <span class=\"sub-text\">Ders Program\u0131<\/span>\t\t\t\t\n\t\t\t\t\t        <\/div>\n\t                <\/div>\n        \t\t\t\t<\/div>\n\t\t\t\t<\/div>\n\t\t\t\t\t<\/div>\n\t\t<\/div>\n\t\t\t\t\t<\/div>\n\t\t<\/section>\n\t\t\t\t<section class=\"default no-position elementor-section elementor-top-section elementor-element elementor-element-c6f47a4 elementor-section-boxed elementor-section-height-default elementor-section-height-default\" data-id=\"c6f47a4\" data-element_type=\"section\">\n\t\t\t\t\t\t<div class=\"elementor-container elementor-column-gap-default\">\n\t\t\t\t\t<div class=\"elementor-column elementor-col-50 elementor-top-column elementor-element elementor-element-2c6ca1e\" data-id=\"2c6ca1e\" data-element_type=\"column\">\n\t\t\t<div class=\"elementor-widget-wrap elementor-element-populated\">\n\t\t\t\t\t\t<section class=\"default no-position elementor-section elementor-inner-section elementor-element elementor-element-6fbdc11 elementor-section-boxed elementor-section-height-default elementor-section-height-default\" data-id=\"6fbdc11\" data-element_type=\"section\">\n\t\t\t\t\t\t<div class=\"elementor-container elementor-column-gap-default\">\n\t\t\t\t\t<div class=\"elementor-column elementor-col-100 elementor-inner-column elementor-element elementor-element-4a494a9\" data-id=\"4a494a9\" data-element_type=\"column\">\n\t\t\t<div class=\"elementor-widget-wrap elementor-element-populated\">\n\t\t\t\t\t\t<div class=\"elementor-element elementor-element-302ab82 elementor-widget elementor-widget-text-editor\" data-id=\"302ab82\" data-element_type=\"widget\" data-widget_type=\"text-editor.default\">\n\t\t\t\t<div class=\"elementor-widget-container\">\n\t\t\t\t\t\t\t\t\t<p>Birinci Oturum: De\u011fer Nedir? De\u011fer Tasnifi ve De\u011fer E\u011fitimi Yakla\u015f\u0131mlar\u0131<\/p><p>(3 May\u0131s 2023, \u00c7ar\u015famba, 17:00-19:00)<\/p>\t\t\t\t\t\t\t\t<\/div>\n\t\t\t\t<\/div>\n\t\t\t\t\t<\/div>\n\t\t<\/div>\n\t\t\t\t\t<\/div>\n\t\t<\/section>\n\t\t\t\t<section class=\"default no-position elementor-section elementor-inner-section elementor-element elementor-element-747051d elementor-section-boxed elementor-section-height-default elementor-section-height-default\" data-id=\"747051d\" data-element_type=\"section\">\n\t\t\t\t\t\t<div class=\"elementor-container elementor-column-gap-default\">\n\t\t\t\t\t<div class=\"elementor-column elementor-col-100 elementor-inner-column elementor-element elementor-element-7d1a2b4\" data-id=\"7d1a2b4\" data-element_type=\"column\">\n\t\t\t<div class=\"elementor-widget-wrap elementor-element-populated\">\n\t\t\t\t\t\t<div class=\"elementor-element elementor-element-1b54062 elementor-widget elementor-widget-text-editor\" data-id=\"1b54062\" data-element_type=\"widget\" data-widget_type=\"text-editor.default\">\n\t\t\t\t<div class=\"elementor-widget-container\">\n\t\t\t\t\t\t\t\t\t<p>\u0130kinci Oturum:\u00a0De\u011fer E\u011fitimi \u00d6\u011fretim Y\u00f6ntem ve Teknikleri (1)<\/p><p>(10 May\u0131s 2023, \u00c7ar\u015famba, 17:00-19:00)<\/p>\t\t\t\t\t\t\t\t<\/div>\n\t\t\t\t<\/div>\n\t\t\t\t\t<\/div>\n\t\t<\/div>\n\t\t\t\t\t<\/div>\n\t\t<\/section>\n\t\t\t\t\t<\/div>\n\t\t<\/div>\n\t\t\t\t<div class=\"elementor-column elementor-col-50 elementor-top-column elementor-element elementor-element-8e13203\" data-id=\"8e13203\" data-element_type=\"column\">\n\t\t\t<div class=\"elementor-widget-wrap elementor-element-populated\">\n\t\t\t\t\t\t<section class=\"default no-position elementor-section elementor-inner-section elementor-element elementor-element-600e026 elementor-section-boxed elementor-section-height-default elementor-section-height-default\" data-id=\"600e026\" data-element_type=\"section\">\n\t\t\t\t\t\t<div class=\"elementor-container elementor-column-gap-default\">\n\t\t\t\t\t<div class=\"elementor-column elementor-col-100 elementor-inner-column elementor-element elementor-element-9f847d6\" data-id=\"9f847d6\" data-element_type=\"column\">\n\t\t\t<div class=\"elementor-widget-wrap elementor-element-populated\">\n\t\t\t\t\t\t<div class=\"elementor-element elementor-element-44d3337 elementor-widget elementor-widget-text-editor\" data-id=\"44d3337\" data-element_type=\"widget\" data-widget_type=\"text-editor.default\">\n\t\t\t\t<div class=\"elementor-widget-container\">\n\t\t\t\t\t\t\t\t\t<p>\u00dc\u00e7\u00fcnc\u00fc Oturum:\u00a0De\u011fer E\u011fitimi \u00d6\u011fretim Y\u00f6ntem ve Teknikleri (2)<\/p><p>(17 May\u0131s 2023, \u00c7ar\u015famba, 17:00-19:00)<\/p>\t\t\t\t\t\t\t\t<\/div>\n\t\t\t\t<\/div>\n\t\t\t\t\t<\/div>\n\t\t<\/div>\n\t\t\t\t\t<\/div>\n\t\t<\/section>\n\t\t\t\t<section class=\"default no-position elementor-section elementor-inner-section elementor-element elementor-element-8b5c01f elementor-section-boxed elementor-section-height-default elementor-section-height-default\" data-id=\"8b5c01f\" data-element_type=\"section\">\n\t\t\t\t\t\t<div class=\"elementor-container elementor-column-gap-default\">\n\t\t\t\t\t<div class=\"elementor-column elementor-col-100 elementor-inner-column elementor-element elementor-element-c8d27ee\" data-id=\"c8d27ee\" data-element_type=\"column\">\n\t\t\t<div class=\"elementor-widget-wrap elementor-element-populated\">\n\t\t\t\t\t\t<div class=\"elementor-element elementor-element-4206400 elementor-widget elementor-widget-text-editor\" data-id=\"4206400\" data-element_type=\"widget\" data-widget_type=\"text-editor.default\">\n\t\t\t\t<div class=\"elementor-widget-container\">\n\t\t\t\t\t\t\t\t\t<p>D\u00f6rd\u00fcnc\u00fc Oturum: De\u011fer E\u011fitimi Uygulama \u00d6rnekleri<\/p><p>(24 May\u0131s 2023, \u00c7ar\u015famba, 17:00-19:00)<\/p>\t\t\t\t\t\t\t\t<\/div>\n\t\t\t\t<\/div>\n\t\t\t\t\t<\/div>\n\t\t<\/div>\n\t\t\t\t\t<\/div>\n\t\t<\/section>\n\t\t\t\t\t<\/div>\n\t\t<\/div>\n\t\t\t\t\t<\/div>\n\t\t<\/section>\n\t\t\t\t<section class=\"default no-position elementor-section elementor-top-section elementor-element elementor-element-f03034f elementor-section-boxed elementor-section-height-default elementor-section-height-default\" data-id=\"f03034f\" data-element_type=\"section\">\n\t\t\t\t\t\t<div class=\"elementor-container elementor-column-gap-default\">\n\t\t\t\t\t<div class=\"elementor-column elementor-col-100 elementor-top-column elementor-element elementor-element-745d4da\" data-id=\"745d4da\" data-element_type=\"column\">\n\t\t\t<div class=\"elementor-widget-wrap elementor-element-populated\">\n\t\t\t\t\t\t<div class=\"elementor-element elementor-element-07e1d60 elementor-widget elementor-widget-rs-heading\" data-id=\"07e1d60\" data-element_type=\"widget\" data-widget_type=\"rs-heading.default\">\n\t\t\t\t<div class=\"elementor-widget-container\">\n\t\t\t\t\t\n        <div class=\"prelements-heading default animate-  normal_color  subnormal_color dots_no subnormal_color\">\n        \t<div class=\"title-inner\">      \t\t\n\t            <h3 class=\"title\"><span class=\"watermark\"><\/span>Do\u00e7. Dr. Handan YALVA\u00c7 ARICI kimdir?<\/h3>\t\t\t\t\n\t\t\t\t\t        <\/div>\n\t                    \t<div class=\"description\">\n            \t\t            \t\t<p>1998 senesinde \u0130stanbul \u00dcniversitesi Do\u011fu Dilleri B\u00f6l\u00fcm\u00fc Fars Dili ve Edebiyat\u0131 lisans tamamlad\u0131ktan sonra, 1999-2002 y\u0131llar\u0131nda Amerika\u2019da teoloji alan\u0131nda \u00e7al\u0131\u015fmalar yapt\u0131. \u00a02015 tarihinde Sakarya \u00dcniversitesi \u0130lahiyat Fak\u00fcltesinde lisans e\u011fitimini ve ayn\u0131 tarihte Marmara \u00dcniversitesi \u0130lahiyat Fak\u00fcltesi Din E\u011fitimi B\u00f6l\u00fcm\u00fcnde y\u00fcksek lisans e\u011fitimini tamamlad\u0131. 2012-2016 tarihlerinde Marmara \u00dcniversitesi \u0130lahiyat Fak\u00fcltesi ve Marmara \u00dcniversitesi Atat\u00fcrk E\u011fitim Fak\u00fcltesinde \u00fccretli \u00f6\u011fretim g\u00f6revlisi olarak \u00e7al\u0131\u015ft\u0131. 2016 y\u0131l\u0131nda \u0130stanbul \u00dcniversitesi \u0130lahiyat Fak\u00fcltesi Felsefe ve Din Bilimlerinde doktoraya ba\u015flad\u0131, 2019 y\u0131l\u0131nda doktoram\u0131 tamamlad\u0131. 2023 y\u0131l\u0131nda do\u00e7ent unvan\u0131n\u0131 almaya hak kazand\u0131. Ata\u015fehir M\u00fcft\u00fcl\u00fc\u011f\u00fc b\u00fcnyesinde Sultan Alparslan Cami\u2019nde yeti\u015fkin e\u011fitimiyle ilgili \u00e7al\u0131\u015fmalar, kitap okuma kul\u00fcplerinde etkinliklerde bulunmaktad\u0131r.<br \/>OTEF (Otizm Ve Engeli Dernekleri Federasyonu) \u00fcyelerinden olup, otizmli \u00e7ocuklar\u0131m\u0131z i\u00e7in projeler yapmaktad\u0131r. Ayr\u0131ca \u201cKitaps\u0131z Okul Kalmas\u0131n\u201d projesi ile her ay \u00f6zellikle k\u00f6ylerdeki iki okulun k\u00fct\u00fcphanesinin kitap ihtiyac\u0131n\u0131n giderilmesi, yetim, \u00f6ks\u00fcz ve ihtiya\u00e7 sahibi \u00e7ocuklar\u0131n ihtiya\u00e7lar\u0131n\u0131 kar\u015f\u0131lamas\u0131nda organizasyon takibi, G\u00f6rme Engelliler \u0130\u00e7in ger\u00e7ekle\u015ftirilen \u201cAbese Ruhu\u201d projesi b\u00fcnyesinde sesli kitap okuma grup faaliyeti d\u00fczenleme ve devam ettirme, yetim, \u00f6ks\u00fcz, ihtiya\u00e7 sahibi \u00e7ocuklar\u0131n e\u011fitimlerini destekleyici hay\u0131r faaliyetleri d\u00fczenlemek gibi sosyal sorumluluk projelerinde yer almaktad\u0131r. Yurti\u00e7i ve yurtd\u0131\u015f\u0131nda din e\u011fitimiyle ilgili seminerler vermekte, \u00e7ocuklar ve gen\u00e7ler i\u00e7in kitaplar yazmaktad\u0131r. Evli ve bir \u00e7ocu\u011fu vard\u0131r.<\/p>  \n            \t<\/div>\n        \t        <\/div>\n        \t\t\t\t<\/div>\n\t\t\t\t<\/div>\n\t\t\t\t<div class=\"elementor-element elementor-element-30b229f elementor-widget elementor-widget-rs-heading\" data-id=\"30b229f\" data-element_type=\"widget\" data-widget_type=\"rs-heading.default\">\n\t\t\t\t<div class=\"elementor-widget-container\">\n\t\t\t\t\t\n        <div class=\"prelements-heading default animate-  normal_color  subnormal_color dots_no subnormal_color\">\n        \t<div class=\"title-inner\">      \t\t\n\t            <span class=\"sub-text\">BASILMI\u015e YAYINLAR<\/span>\t\t\t\t\n\t\t\t\t\t        <\/div>\n\t                    \t<div class=\"description\">\n            \t\t            \t\t<p>Kur\u2019an\u2019da Pi\u015fmanl\u0131k Psikolojisi\u200b \u200b \u200b \u200b \u200b \u200b \u200b \u200b \u200b \u200b \u200b\u00a0 \u200b \u200b<br \/>Kur \u2018an Dilinden Mutlulu\u011fun Alfabesi<br \/>Kur\u2019anda Anne Baba Okulu<br \/>Sahabelerle De\u011ferler E\u011fitimi (10 kitap)\u200b \u200b<br \/>Bilge Dedem1 \u200b \u200b \u200b \u200b \u200b \u200b \u200b \u200b \u200b \u200b \u200b \u200b \u200b \u200b \u200b \u200b \u200b \u200b\u00a0\u200b \u200b \u200b \u200b \u200b \u200b \u200b \u200b<br \/>Bilge Dedem2<br \/>My Wise Grandpa 1\u200b \u200b<br \/>My Wise Grandpa2<br \/>Peygamberim \u00c7ocuk Diliyle Peygamberimizin Hayat\u0131\u200b\u00a0\u200b\u00c7evrimi\u00e7i Filozoflar\u200b<br \/>Cennet Yolunun Rehberi Peygamberimin Hadisleri\u200bThe Prophet Muhammed\u2019s Sayings Our Guide on the Path to Paradise Ehadis Nebina Delil\u00fc Tariku Cennet\u200b<br \/>De\u011fer Sand\u0131\u011f\u0131 E\u011fitim Setinde Olumlama, Yarat\u0131c\u0131 Etkinlikler gibi b\u00f6l\u00fcmler\u200b\u00a0Son Peygamberin \u0130zinde (Hatice G\u00fclo\u011flu ve Esma Budak ile birlikte)\u200b\u00a0\u00c7ocuk Diliyle Biricik Peygamberim<\/p>  \n            \t<\/div>\n        \t        <\/div>\n        \t\t\t\t<\/div>\n\t\t\t\t<\/div>\n\t\t\t\t<div class=\"elementor-element elementor-element-87993bd elementor-icon-list--layout-traditional elementor-list-item-link-full_width elementor-widget elementor-widget-icon-list\" data-id=\"87993bd\" data-element_type=\"widget\" data-widget_type=\"icon-list.default\">\n\t\t\t\t<div class=\"elementor-widget-container\">\n\t\t\t\t\t\t\t<ul class=\"elementor-icon-list-items\">\n\t\t\t\t\t\t\t<li class=\"elementor-icon-list-item\">\n\t\t\t\t\t\t\t\t\t\t\t<span class=\"elementor-icon-list-icon\">\n\t\t\t\t\t\t\t\t\t\t\t\t\t<\/span>\n\t\t\t\t\t\t\t\t\t\t<span class=\"elementor-icon-list-text\">Ba\u015fvuru S\u00fcreci Tamamland\u0131<\/span>\n\t\t\t\t\t\t\t\t\t<\/li>\n\t\t\t\t\t\t<\/ul>\n\t\t\t\t\t\t<\/div>\n\t\t\t\t<\/div>\n\t\t\t\t\t<\/div>\n\t\t<\/div>\n\t\t\t\t\t<\/div>\n\t\t<\/section>\n\t\t\t\t<\/div>","protected":false},"excerpt":{"rendered":"<p>Whatsapp Youtube Instagram Facebook Twitter Telegram-plane \u00a0Her \u00c7ar\u015famba (4 Oturum) 17:00-19:00 Son Ba\u015fvuru Tarihi: 29 Nisan 2023, 23:59 \u00a0\u00c7evrimi\u00e7i (Zoom) \u00a050 ki\u015filik kontenjanla s\u0131n\u0131rl\u0131d\u0131r.\u00a0\u00a0Kad\u0131n din e\u011fitimcilerine y\u00f6neliktir. \u00dccretsizdir. Temsil E\u011fitim ve K\u00fclt\u00fcr Derne\u011fi E\u011fitim Komisyonu b\u00fcnyesinde Do\u00e7. Dr. Handan Yalva\u00e7 Ar\u0131c\u0131 y\u00fcr\u00fct\u00fcc\u00fcl\u00fc\u011f\u00fcnde \u201cDe\u011ferler E\u011fitim Program\u0131\u201d ba\u015fl\u0131yor.\u00a0\u00a04 haftal\u0131k bu e\u011fitim program\u0131 3 May\u0131s-24 May\u0131s 2023 tarihleri&#8230;<\/p>","protected":false},"author":1,"featured_media":0,"parent":0,"menu_order":0,"comment_status":"closed","ping_status":"closed","template":"elementor_header_footer","meta":{"_themeisle_gutenberg_block_has_review":false,"footnotes":""},"_links":{"self":[{"href":"https:\/\/www.temsilder.org.tr\/en\/wp-json\/wp\/v2\/pages\/92927"}],"collection":[{"href":"https:\/\/www.temsilder.org.tr\/en\/wp-json\/wp\/v2\/pages"}],"about":[{"href":"https:\/\/www.temsilder.org.tr\/en\/wp-json\/wp\/v2\/types\/page"}],"author":[{"embeddable":true,"href":"https:\/\/www.temsilder.org.tr\/en\/wp-json\/wp\/v2\/users\/1"}],"replies":[{"embeddable":true,"href":"https:\/\/www.temsilder.org.tr\/en\/wp-json\/wp\/v2\/comments?post=92927"}],"version-history":[{"count":19,"href":"https:\/\/www.temsilder.org.tr\/en\/wp-json\/wp\/v2\/pages\/92927\/revisions"}],"predecessor-version":[{"id":96079,"href":"https:\/\/www.temsilder.org.tr\/en\/wp-json\/wp\/v2\/pages\/92927\/revisions\/96079"}],"wp:attachment":[{"href":"https:\/\/www.temsilder.org.tr\/en\/wp-json\/wp\/v2\/media?parent=92927"}],"curies":[{"name":"wp","href":"https:\/\/api.w.org\/{rel}","templated":true}]}}